{"id":5642,"date":"2024-04-28T23:50:56","date_gmt":"2024-04-28T21:50:56","guid":{"rendered":"https:\/\/chocolatier-praetsch.de\/?page_id=5642"},"modified":"2025-01-23T13:04:27","modified_gmt":"2025-01-23T12:04:27","slug":"taktiv","status":"publish","type":"page","link":"https:\/\/chocolatier-praetsch.de\/en\/taktiv\/","title":{"rendered":"Workshop"},"content":{"rendered":"<p class=\"wp-block-paragraph\"><\/p>\n\n\n\n<div class=\"wp-block-columns is-layout-flex wp-container-core-columns-is-layout-669c7043 wp-block-columns-is-layout-flex\" style=\"border-style:none;border-width:0px;border-radius:10px;padding-top:0;padding-right:0;padding-bottom:0;padding-left:0\">\n<div class=\"wp-block-column is-layout-flow wp-block-column-is-layout-flow\">\n<h2 class=\"wp-block-heading has-primary-color has-text-color\">In unserem Haus sind folgende Veranstaltungen m\u00f6glich:<\/h2>\n\n\n\n<div style=\"height:17px\" aria-hidden=\"true\" class=\"wp-block-spacer\"><\/div>\n\n\n\n<h3 class=\"wp-block-heading has-primary-color has-text-color\"><strong>Tafel Aktiv<\/strong><\/h3>\n\n\n\n<p class=\"has-primary-color has-text-color wp-block-paragraph\">M\u00f6chtest du selbst einmal als kreativer Chocolatier t\u00e4tig sein und alles Wissenswerte \u00fcber Kakao und Schokolade erfahren?<br>Dann bist du hier genau richtig, wir bieten dir die M\u00f6glichkeit, deine eigenen Tafel mit deinen Lieblingsbel\u00e4gen herzustellen und mit einer Vielzahl von Designs kreativ zu sein. <\/p>\n\n\n\n<p class=\"has-primary-color has-text-color has-medium-font-size wp-block-paragraph\"><strong>Preis pro Person: 20 \u20ac<\/strong> Die erste Tafel incl., jede weitere hergestellte Tafel kostet 6.50 \u20ac\/Stk.<\/p>\n\n\n\n<div style=\"height:59px\" aria-hidden=\"true\" class=\"wp-block-spacer\"><\/div>\n\n\n\n<h3 class=\"wp-block-heading has-primary-color has-text-color\"><strong>Verkostung mit dem Chocolatier<\/strong><\/h3>\n\n\n\n<p class=\"has-primary-color has-text-color wp-block-paragraph\">Lass uns gemeinsam dem Geschmack der Schokolade auf den Grund gehen. Vier Herkunftsschokoladen werden verkostet und du erf\u00e4hrst viel Interessantes aus der Welt der Schokolade. (ab 20 Personen)<\/p>\n\n\n\n<p class=\"has-primary-color has-text-color wp-block-paragraph\"><strong>Preis pro Person: 20 \u20ac<\/strong><\/p>\n\n\n\n<div style=\"height:42px\" aria-hidden=\"true\" class=\"wp-block-spacer\"><\/div>\n<\/div>\n<\/div>\n\n\n\n<div style=\"height:100px\" aria-hidden=\"true\" class=\"wp-block-spacer\"><\/div>","protected":false},"excerpt":{"rendered":"<p>In unserem Haus sind folgende Veranstaltungen m\u00f6glich: Tafel Aktiv M\u00f6chtest du selbst einmal als kreativer Chocolatier t\u00e4tig sein und alles Wissenswerte \u00fcber Kakao und Schokolade erfahren?Dann bist du hier genau richtig, wir bieten dir die M\u00f6glichkeit, deine eigenen Tafel mit deinen Lieblingsbel\u00e4gen herzustellen und mit einer Vielzahl von Designs kreativ zu sein. Preis pro Person: [&hellip;]<\/p>\n","protected":false},"author":227645350,"featured_media":0,"parent":0,"menu_order":0,"comment_status":"closed","ping_status":"closed","template":"","meta":{"_crdt_document":"","om_disable_all_campaigns":false,"_monsterinsights_skip_tracking":false,"_monsterinsights_sitenote_active":false,"_monsterinsights_sitenote_note":"","_monsterinsights_sitenote_category":0,"_uf_show_specific_survey":0,"_uf_disable_surveys":false,"jetpack_post_was_ever_published":false,"footnotes":""},"class_list":["post-5642","page","type-page","status-publish","hentry"],"aioseo_notices":[],"jetpack_sharing_enabled":true,"jetpack_shortlink":"https:\/\/wp.me\/Pel8Tr-1t0","_links":{"self":[{"href":"https:\/\/chocolatier-praetsch.de\/en\/wp-json\/wp\/v2\/pages\/5642","targetHints":{"allow":["GET"]}}],"collection":[{"href":"https:\/\/chocolatier-praetsch.de\/en\/wp-json\/wp\/v2\/pages"}],"about":[{"href":"https:\/\/chocolatier-praetsch.de\/en\/wp-json\/wp\/v2\/types\/page"}],"author":[{"embeddable":true,"href":"https:\/\/chocolatier-praetsch.de\/en\/wp-json\/wp\/v2\/users\/227645350"}],"replies":[{"embeddable":true,"href":"https:\/\/chocolatier-praetsch.de\/en\/wp-json\/wp\/v2\/comments?post=5642"}],"version-history":[{"count":13,"href":"https:\/\/chocolatier-praetsch.de\/en\/wp-json\/wp\/v2\/pages\/5642\/revisions"}],"predecessor-version":[{"id":6366,"href":"https:\/\/chocolatier-praetsch.de\/en\/wp-json\/wp\/v2\/pages\/5642\/revisions\/6366"}],"wp:attachment":[{"href":"https:\/\/chocolatier-praetsch.de\/en\/wp-json\/wp\/v2\/media?parent=5642"}],"curies":[{"name":"wp","href":"https:\/\/api.w.org\/{rel}","templated":true}]}}