{"id":6118,"date":"2024-10-21T20:29:51","date_gmt":"2024-10-21T18:29:51","guid":{"rendered":"https:\/\/chocolatier-praetsch.de\/?page_id=6118"},"modified":"2024-10-21T20:29:55","modified_gmt":"2024-10-21T18:29:55","slug":"cacao-trace","status":"publish","type":"page","link":"https:\/\/chocolatier-praetsch.de\/en\/cacao-trace\/","title":{"rendered":"Cacao Trace"},"content":{"rendered":"<h2 class=\"wp-block-heading\">Cacao-Trace <\/h2>\n\n\n\n<p class=\"wp-block-paragraph\">Cacao-Trace ist ein einzigartiges und nachhaltiges Programm, das die gesamte Kakao-Lieferkette verbessert \u2013 von der Ernte der Kakaobohnen bis zur fertigen Schokolade. Es zielt darauf ab, nicht nur hochwertige Schokolade zu produzieren, sondern auch das Leben der Kakaobauern in den Herkunftsl\u00e4ndern entscheidend zu verbessern. Das Programm basiert auf zwei wesentlichen S\u00e4ulen: Erstens erhalten die Kakaobauern eine Qualit\u00e4tspr\u00e4mie f\u00fcr die von ihnen erzeugten hochwertigen Bohnen. Zweitens profitieren sie von einem zus\u00e4tzlichen Schokoladenbonus, bei dem f\u00fcr jedes verkaufte Kilogramm Schokolade 10 Cent direkt an die Bauern flie\u00dfen.<\/p>\n\n\n\n<p class=\"wp-block-paragraph\">Der Cacao-Trace-Ansatz f\u00f6rdert auch den Umweltschutz. Es werden Ma\u00dfnahmen wie Agroforstwirtschaft und CO2-Reduzierung in der Kakaoproduktion implementiert, um eine nachhaltige und umweltfreundliche Landwirtschaft zu gew\u00e4hrleisten. Zus\u00e4tzlich investiert das Programm in die Gemeinschaften der Bauern, indem es Schulen baut, die Wasserversorgung verbessert und die Gesundheitsversorgung st\u00e4rkt. Der Erfolg des Programms zeigt sich in der steigenden Nachfrage nach nachhaltigen Kakaoprodukten, da immer mehr Verbraucher Wert auf verantwortungsvoll hergestellte Lebensmittel legen.<\/p>\n\n\n\n<p class=\"wp-block-paragraph\">Mit Cacao-Trace erhalten Sie nicht nur beste Schokolade, sondern tragen auch zur Verbesserung des Lebensstandards der Kakaobauern und zum Schutz unseres Planeten bei.<\/p>","protected":false},"excerpt":{"rendered":"<p>Cacao-Trace Cacao-Trace ist ein einzigartiges und nachhaltiges Programm, das die gesamte Kakao-Lieferkette verbessert \u2013 von der Ernte der Kakaobohnen bis zur fertigen Schokolade. Es zielt darauf ab, nicht nur hochwertige Schokolade zu produzieren, sondern auch das Leben der Kakaobauern in den Herkunftsl\u00e4ndern entscheidend zu verbessern. Das Programm basiert auf zwei wesentlichen S\u00e4ulen: Erstens erhalten die [&hellip;]<\/p>\n","protected":false},"author":227645350,"featured_media":0,"parent":0,"menu_order":0,"comment_status":"closed","ping_status":"closed","template":"","meta":{"_crdt_document":"","om_disable_all_campaigns":false,"_monsterinsights_skip_tracking":false,"_monsterinsights_sitenote_active":false,"_monsterinsights_sitenote_note":"","_monsterinsights_sitenote_category":0,"_uf_show_specific_survey":0,"_uf_disable_surveys":false,"footnotes":""},"class_list":["post-6118","page","type-page","status-publish","hentry"],"aioseo_notices":[],"jetpack_sharing_enabled":true,"jetpack_shortlink":"https:\/\/wp.me\/Pel8Tr-1AG","_links":{"self":[{"href":"https:\/\/chocolatier-praetsch.de\/en\/wp-json\/wp\/v2\/pages\/6118","targetHints":{"allow":["GET"]}}],"collection":[{"href":"https:\/\/chocolatier-praetsch.de\/en\/wp-json\/wp\/v2\/pages"}],"about":[{"href":"https:\/\/chocolatier-praetsch.de\/en\/wp-json\/wp\/v2\/types\/page"}],"author":[{"embeddable":true,"href":"https:\/\/chocolatier-praetsch.de\/en\/wp-json\/wp\/v2\/users\/227645350"}],"replies":[{"embeddable":true,"href":"https:\/\/chocolatier-praetsch.de\/en\/wp-json\/wp\/v2\/comments?post=6118"}],"version-history":[{"count":1,"href":"https:\/\/chocolatier-praetsch.de\/en\/wp-json\/wp\/v2\/pages\/6118\/revisions"}],"predecessor-version":[{"id":6120,"href":"https:\/\/chocolatier-praetsch.de\/en\/wp-json\/wp\/v2\/pages\/6118\/revisions\/6120"}],"wp:attachment":[{"href":"https:\/\/chocolatier-praetsch.de\/en\/wp-json\/wp\/v2\/media?parent=6118"}],"curies":[{"name":"wp","href":"https:\/\/api.w.org\/{rel}","templated":true}]}}