{"id":1971,"date":"2023-01-24T11:41:13","date_gmt":"2023-01-24T10:41:13","guid":{"rendered":"https:\/\/chocolatier-praetsch.de\/?post_type=product&#038;p=1971"},"modified":"2025-12-12T15:44:06","modified_gmt":"2025-12-12T14:44:06","slug":"leipziger-winter-zartbitterschokolade-mit-pflaumen-und-zimt-72-kakao","status":"publish","type":"product","link":"https:\/\/chocolatier-praetsch.de\/en\/product\/leipziger-winter-zartbitterschokolade-mit-pflaumen-und-zimt-72-kakao\/","title":{"rendered":"Leipziger Winter mit Pflaumen und Zimt"},"content":{"rendered":"<p><strong>Leipziger Winter mit Pflaumen und Zimt<\/strong> in Zartbitterschokolade ist eine winterliche Komposition aus dunkler Schokolade, s\u00fc\u00dfen Pflaumen und w\u00fcrzigem Zimt. Die sorgf\u00e4ltig ausgew\u00e4hlten Zutaten werden zu einer harmonischen Geschmackskomposition vereint, die perfekt zur kalten Jahreszeit passt. Die feinherbe Zartbitterschokolade sorgt f\u00fcr eine angenehme Bitterkeit, die durch die S\u00fc\u00dfe der Pflaumen und die W\u00fcrze des Zimts ausgeglichen wird. Eine k\u00f6stliche Schokolade, die nicht nur Schokoladenliebhaber begeistern wird.<\/p>\n<p>&nbsp;<\/p>\n<hr \/>\n<p>&nbsp;<\/p>\n<p>Leipziger Winter mit Kunstdruck der Holzbr\u00fccke im Johannapark:<\/p>\n<p>Pflaume &amp; Zimt: un super couple- Ihr seid einfach ein gro\u00dfartiges Paar!<\/p>\n<p>Schnell war uns klar, dass nur Schokolade diese Komposition noch besser machen kann.<\/p>\n<p>In feine St\u00fccke geschnitten lassen sich saftige Pflaumen und aromatischer Zimt von unserer Zartbitterschokolade ummanteln.<\/p>\n<p>Eine Tafel f\u00fcr alle, die den Winter schmecken wollen. Viol\u00e1!<\/p>\n<p>&nbsp;<\/p>","protected":false},"excerpt":{"rendered":"<p>Die Leipziger Winter Schokolade vereint das Aroma von saftigen Pflaumen und w\u00fcrzigem Zimt in einer edlen Zartbitterschokolade. Die perfekte Kombination aus s\u00fc\u00df und w\u00fcrzig, die den winterlichen Geschmackssinn verw\u00f6hnt.<\/p>","protected":false},"featured_media":3345,"comment_status":"closed","ping_status":"closed","template":"","meta":{"_crdt_document":"","om_disable_all_campaigns":false,"_monsterinsights_skip_tracking":false,"_monsterinsights_sitenote_active":false,"_monsterinsights_sitenote_note":"","_monsterinsights_sitenote_category":0,"_uf_show_specific_survey":0,"_uf_disable_surveys":false,"jetpack_post_was_ever_published":false,"jetpack_publicize_message":"","jetpack_publicize_feature_enabled":true,"jetpack_social_post_already_shared":true,"jetpack_social_options":{"image_generator_settings":{"template":"highway","default_image_id":0,"font":"","enabled":false},"version":2},"_wpas_customize_per_network":false},"product_brand":[],"product_cat":[1844,1854],"product_tag":[1601,1436,1471,1437,1505,1443,1607,1708,1442,1431,1445,1469,1706,1447,1631,1470,1440,1441,1439,1444,1707,1668,1632],"class_list":{"0":"post-1971","1":"product","2":"type-product","3":"status-publish","4":"has-post-thumbnail","6":"product_cat-leipziger-und-dresdner-edition","7":"product_cat-tafeln","8":"product_tag-aromatisch","9":"product_tag-chocolaterie","10":"product_tag-chocolaterie-leipzig","11":"product_tag-chocolaterie-wermsdorf","12":"product_tag-dunkel","13":"product_tag-edle-schokolade","14":"product_tag-fruchtig","15":"product_tag-gewuerz","16":"product_tag-handgemachte-pralinen","17":"product_tag-handgemachte-schokolade","18":"product_tag-lactosefreie-schokolade","19":"product_tag-leipziger-schokolade","20":"product_tag-leipziger-winter","21":"product_tag-nachhaltige-schokolade","22":"product_tag-pflaumen","23":"product_tag-schokolade-aus-leipzig","24":"product_tag-schokolade-online-shop","25":"product_tag-schokolade-ostern","26":"product_tag-schokoladen-manufaktur","27":"product_tag-vegane-schokolade","28":"product_tag-winterlich","29":"product_tag-zartbitterschokolade","30":"product_tag-zimt","32":"first","33":"instock","34":"taxable","35":"shipping-taxable","36":"purchasable","37":"product-type-simple"},"bundled_by":[],"bundle_stock_status":"instock","bundle_stock_quantity":null,"bundle_virtual":false,"bundle_layout":"","bundle_add_to_cart_form_location":"","bundle_editable_in_cart":false,"bundle_sold_individually_context":"","bundle_item_grouping":"","bundle_min_size":"","bundle_max_size":"","bundle_price":[],"bundled_items":[],"bundle_sell_ids":[],"group_of_quantity":0,"min_quantity":0,"max_quantity":"","exclude_order_quantity_value_rules":"no","exclude_category_quantity_rules":"no","combine_variations":"no","exclude_global_add_ons":[],"addons":[],"aioseo_notices":[],"jetpack_publicize_connections":[],"jetpack_sharing_enabled":true,"_links":{"self":[{"href":"https:\/\/chocolatier-praetsch.de\/en\/wp-json\/wp\/v2\/product\/1971","targetHints":{"allow":["GET"]}}],"collection":[{"href":"https:\/\/chocolatier-praetsch.de\/en\/wp-json\/wp\/v2\/product"}],"about":[{"href":"https:\/\/chocolatier-praetsch.de\/en\/wp-json\/wp\/v2\/types\/product"}],"replies":[{"embeddable":true,"href":"https:\/\/chocolatier-praetsch.de\/en\/wp-json\/wp\/v2\/comments?post=1971"}],"wp:featuredmedia":[{"embeddable":true,"href":"https:\/\/chocolatier-praetsch.de\/en\/wp-json\/wp\/v2\/media\/3345"}],"wp:attachment":[{"href":"https:\/\/chocolatier-praetsch.de\/en\/wp-json\/wp\/v2\/media?parent=1971"}],"wp:term":[{"taxonomy":"product_brand","embeddable":true,"href":"https:\/\/chocolatier-praetsch.de\/en\/wp-json\/wp\/v2\/product_brand?post=1971"},{"taxonomy":"product_cat","embeddable":true,"href":"https:\/\/chocolatier-praetsch.de\/en\/wp-json\/wp\/v2\/product_cat?post=1971"},{"taxonomy":"product_tag","embeddable":true,"href":"https:\/\/chocolatier-praetsch.de\/en\/wp-json\/wp\/v2\/product_tag?post=1971"}],"curies":[{"name":"wp","href":"https:\/\/api.w.org\/{rel}","templated":true}]}}