{"id":2284,"date":"2023-01-26T12:36:36","date_gmt":"2023-01-26T11:36:36","guid":{"rendered":"https:\/\/chocolatier-praetsch.de\/?post_type=product&#038;p=2284"},"modified":"2025-02-07T14:40:16","modified_gmt":"2025-02-07T13:40:16","slug":"leipziger-schokolade-weisse-schokolade-mit-getrockneten-heidelbeeren-und-crisp","status":"publish","type":"product","link":"https:\/\/chocolatier-praetsch.de\/en\/product\/leipziger-schokolade-weisse-schokolade-mit-getrockneten-heidelbeeren-und-crisp\/","title":{"rendered":"Leipziger Schokolade mit Heidelbeeren und Crisp"},"content":{"rendered":"<p>Die <strong>Leipziger Schokolade mit Heidelbeeren und Crisp<\/strong> ist eine exquisite Komposition aus feinster Schokolade, knusprigen Crisp-St\u00fcckchen und k\u00f6stlichen Heidelbeeren. Die Schokolade schmilzt auf der Zunge und entfaltet dabei ihre Aromen von Kakao und Vanille. Die knusprigen Crisp-St\u00fcckchen sorgen f\u00fcr einen besonderen Biss und die fruchtigen Heidelbeeren verleihen der Schokolade eine angenehme Frische und eine leicht s\u00e4uerliche Note. Diese Schokolade ist ein wahrer Genuss f\u00fcr alle Feinschmecker und Schokoladenliebhaber.<\/p>\n<p>&nbsp;<\/p>\n<hr \/>\n<p>&nbsp;<\/p>\n<p>Leipziger Schokolade mit Kunstdruck des St\u00f6rmthaler Sees:<\/p>\n<p>Im Sommer versammelt sich Leipzig rund um seine Seen.<\/p>\n<p>Das paradiesische Ambiente wird von Sonnenanbetern, Wasserratten und Naturliebhabern gleicherma\u00dfen gesch\u00e4tzt und ausgekostet.<\/p>\n<p>Zum Ausgiebigen Entspannen sch\u00e4tzen Feinschmecker ihre Leipziger Schokolade mit getrockneten Heidelbeeren und Crisp.<\/p>\n<p>&nbsp;<\/p>","protected":false},"excerpt":{"rendered":"<p>Die Leipziger Schokolade mit Heidelbeeren und Crisp ist eine k\u00f6stliche Komposition aus feinster Schokolade, knusprigen Crisps und saftigen Heidelbeeren. Die perfekte Kombination von s\u00fc\u00dfen und fruchtigen Aromen mit einer knusprigen Textur, die jeden Schokoladenliebhaber begeistern wird.<\/p>","protected":false},"featured_media":2974,"comment_status":"closed","ping_status":"closed","template":"","meta":{"_crdt_document":"","om_disable_all_campaigns":false,"_monsterinsights_skip_tracking":false,"_monsterinsights_sitenote_active":false,"_monsterinsights_sitenote_note":"","_monsterinsights_sitenote_category":0,"_uf_show_specific_survey":0,"_uf_disable_surveys":false,"jetpack_post_was_ever_published":false,"jetpack_publicize_message":"","jetpack_publicize_feature_enabled":true,"jetpack_social_post_already_shared":true,"jetpack_social_options":{"image_generator_settings":{"template":"highway","default_image_id":0,"font":"","enabled":false},"version":2},"_wpas_customize_per_network":false},"product_brand":[],"product_cat":[1844,1854],"product_tag":[1601,1436,1471,1437,1703,1443,1607,1442,1431,1567,1623,1445,1469,1506,1447,1625,1470,1440,1441,1439,1503,1444],"class_list":{"0":"post-2284","1":"product","2":"type-product","3":"status-publish","4":"has-post-thumbnail","6":"product_cat-leipziger-und-dresdner-edition","7":"product_cat-tafeln","8":"product_tag-aromatisch","9":"product_tag-chocolaterie","10":"product_tag-chocolaterie-leipzig","11":"product_tag-chocolaterie-wermsdorf","12":"product_tag-crisp","13":"product_tag-edle-schokolade","14":"product_tag-fruchtig","15":"product_tag-handgemachte-pralinen","16":"product_tag-handgemachte-schokolade","17":"product_tag-heidelbeeren","18":"product_tag-knusprigkeit","19":"product_tag-lactosefreie-schokolade","20":"product_tag-leipziger-schokolade","21":"product_tag-milchschokolade","22":"product_tag-nachhaltige-schokolade","23":"product_tag-suessigkeit","24":"product_tag-schokolade-aus-leipzig","25":"product_tag-schokolade-online-shop","26":"product_tag-schokolade-ostern","27":"product_tag-schokoladen-manufaktur","28":"product_tag-schokoladentafel","29":"product_tag-vegane-schokolade","31":"first","32":"instock","33":"taxable","34":"shipping-taxable","35":"purchasable","36":"product-type-simple"},"bundled_by":[],"bundle_stock_status":"instock","bundle_stock_quantity":null,"bundle_virtual":false,"bundle_layout":"","bundle_add_to_cart_form_location":"","bundle_editable_in_cart":false,"bundle_sold_individually_context":"","bundle_item_grouping":"","bundle_min_size":"","bundle_max_size":"","bundle_price":[],"bundled_items":[],"bundle_sell_ids":[],"group_of_quantity":0,"min_quantity":0,"max_quantity":"","exclude_order_quantity_value_rules":"no","exclude_category_quantity_rules":"no","combine_variations":"no","exclude_global_add_ons":[],"addons":[],"aioseo_notices":[],"jetpack_publicize_connections":[],"jetpack_sharing_enabled":true,"_links":{"self":[{"href":"https:\/\/chocolatier-praetsch.de\/en\/wp-json\/wp\/v2\/product\/2284","targetHints":{"allow":["GET"]}}],"collection":[{"href":"https:\/\/chocolatier-praetsch.de\/en\/wp-json\/wp\/v2\/product"}],"about":[{"href":"https:\/\/chocolatier-praetsch.de\/en\/wp-json\/wp\/v2\/types\/product"}],"replies":[{"embeddable":true,"href":"https:\/\/chocolatier-praetsch.de\/en\/wp-json\/wp\/v2\/comments?post=2284"}],"wp:featuredmedia":[{"embeddable":true,"href":"https:\/\/chocolatier-praetsch.de\/en\/wp-json\/wp\/v2\/media\/2974"}],"wp:attachment":[{"href":"https:\/\/chocolatier-praetsch.de\/en\/wp-json\/wp\/v2\/media?parent=2284"}],"wp:term":[{"taxonomy":"product_brand","embeddable":true,"href":"https:\/\/chocolatier-praetsch.de\/en\/wp-json\/wp\/v2\/product_brand?post=2284"},{"taxonomy":"product_cat","embeddable":true,"href":"https:\/\/chocolatier-praetsch.de\/en\/wp-json\/wp\/v2\/product_cat?post=2284"},{"taxonomy":"product_tag","embeddable":true,"href":"https:\/\/chocolatier-praetsch.de\/en\/wp-json\/wp\/v2\/product_tag?post=2284"}],"curies":[{"name":"wp","href":"https:\/\/api.w.org\/{rel}","templated":true}]}}