{"id":2449,"date":"2023-01-30T10:26:02","date_gmt":"2023-01-30T09:26:02","guid":{"rendered":"https:\/\/chocolatier-praetsch.de\/?post_type=product&#038;p=2449"},"modified":"2025-02-07T14:40:03","modified_gmt":"2025-02-07T13:40:03","slug":"leipziger-schokolade-edel-vollmilchschokolade-45-kakao","status":"publish","type":"product","link":"https:\/\/chocolatier-praetsch.de\/en\/product\/leipziger-schokolade-edel-vollmilchschokolade-45-kakao\/","title":{"rendered":"Leipziger Schokolade Edel-Vollmilch"},"content":{"rendered":"<p>Die Leipziger Schokolade Edel-Vollmilch ist eine hochwertige Schokolade, die aus ausgew\u00e4hlten Zutaten hergestellt wird. Die Schokolade hat einen angenehmen Geschmack und eine cremige Konsistenz. Sie zergeht zartschmelzend auf der Zunge. Sie besteht aus feiner Vollmilchschokolade mit einem hohen Kakaogehalt und einem Hauch von Bourbon-Vanille, der ihr eine besondere Note verleiht. Die Leipziger Schokolade Edel-Vollmilch ist ein perfekter Genuss f\u00fcr Schokoladenliebhaber und eignet sich auch als Geschenk f\u00fcr besondere Anl\u00e4sse. H\u00fcbsch verziert mit Kunstdruck des Leipziger Zoos l\u00e4sst unsere Leipziger Schokolade Jeden geschmackvoll an Leipzig teilhaben.<\/p>\n<p>&nbsp;<\/p>\n<p>&nbsp;<\/p>\n<p>&nbsp;<\/p>","protected":false},"excerpt":{"rendered":"<p>Die Leipziger Schokolade Edel-Vollmilch ist eine hochwertige Schokolade mit einem besonders cremigen Geschmack und einer angenehmen S\u00fc\u00dfe. Hergestellt aus erlesenen Kakaobohnen und feinster Milch, begeistert sie Schokoladenliebhaber durch ihre einzigartige Qualit\u00e4t und den vollen Geschmack.<\/p>","protected":false},"featured_media":3349,"comment_status":"closed","ping_status":"closed","template":"","meta":{"_crdt_document":"","om_disable_all_campaigns":false,"_monsterinsights_skip_tracking":false,"_monsterinsights_sitenote_active":false,"_monsterinsights_sitenote_note":"","_monsterinsights_sitenote_category":0,"_uf_show_specific_survey":0,"_uf_disable_surveys":false,"jetpack_post_was_ever_published":true,"jetpack_publicize_message":"","jetpack_publicize_feature_enabled":true,"jetpack_social_post_already_shared":true,"jetpack_social_options":{"image_generator_settings":{"template":"highway","default_image_id":0,"font":"","enabled":false},"version":2},"_wpas_customize_per_network":false},"product_brand":[],"product_cat":[1844,1854],"product_tag":[1601,1436,1471,1437,1640,1443,1580,1442,1431,1500,1445,1469,1447,1642,1429,1470,1440,1441,1439,1643,1444,1509,1641],"class_list":{"0":"post-2449","1":"product","2":"type-product","3":"status-publish","4":"has-post-thumbnail","6":"product_cat-leipziger-und-dresdner-edition","7":"product_cat-tafeln","8":"product_tag-aromatisch","9":"product_tag-chocolaterie","10":"product_tag-chocolaterie-leipzig","11":"product_tag-chocolaterie-wermsdorf","12":"product_tag-edel-vollmilch","13":"product_tag-edle-schokolade","14":"product_tag-handgemacht","15":"product_tag-handgemachte-pralinen","16":"product_tag-handgemachte-schokolade","17":"product_tag-kakao","18":"product_tag-lactosefreie-schokolade","19":"product_tag-leipziger-schokolade","20":"product_tag-nachhaltige-schokolade","21":"product_tag-regional","22":"product_tag-schokolade","23":"product_tag-schokolade-aus-leipzig","24":"product_tag-schokolade-online-shop","25":"product_tag-schokolade-ostern","26":"product_tag-schokoladen-manufaktur","27":"product_tag-traditionell","28":"product_tag-vegane-schokolade","29":"product_tag-vollmilch","30":"product_tag-zartschmelzend","32":"first","33":"instock","34":"featured","35":"taxable","36":"shipping-taxable","37":"purchasable","38":"product-type-simple"},"bundled_by":[],"bundle_stock_status":"instock","bundle_stock_quantity":null,"bundle_virtual":false,"bundle_layout":"","bundle_add_to_cart_form_location":"","bundle_editable_in_cart":false,"bundle_sold_individually_context":"","bundle_item_grouping":"","bundle_min_size":"","bundle_max_size":"","bundle_price":[],"bundled_items":[],"bundle_sell_ids":[],"group_of_quantity":0,"min_quantity":0,"max_quantity":"","exclude_order_quantity_value_rules":"no","exclude_category_quantity_rules":"no","combine_variations":"no","exclude_global_add_ons":[],"addons":[],"aioseo_notices":[],"jetpack_publicize_connections":[],"jetpack_sharing_enabled":true,"_links":{"self":[{"href":"https:\/\/chocolatier-praetsch.de\/en\/wp-json\/wp\/v2\/product\/2449","targetHints":{"allow":["GET"]}}],"collection":[{"href":"https:\/\/chocolatier-praetsch.de\/en\/wp-json\/wp\/v2\/product"}],"about":[{"href":"https:\/\/chocolatier-praetsch.de\/en\/wp-json\/wp\/v2\/types\/product"}],"replies":[{"embeddable":true,"href":"https:\/\/chocolatier-praetsch.de\/en\/wp-json\/wp\/v2\/comments?post=2449"}],"wp:featuredmedia":[{"embeddable":true,"href":"https:\/\/chocolatier-praetsch.de\/en\/wp-json\/wp\/v2\/media\/3349"}],"wp:attachment":[{"href":"https:\/\/chocolatier-praetsch.de\/en\/wp-json\/wp\/v2\/media?parent=2449"}],"wp:term":[{"taxonomy":"product_brand","embeddable":true,"href":"https:\/\/chocolatier-praetsch.de\/en\/wp-json\/wp\/v2\/product_brand?post=2449"},{"taxonomy":"product_cat","embeddable":true,"href":"https:\/\/chocolatier-praetsch.de\/en\/wp-json\/wp\/v2\/product_cat?post=2449"},{"taxonomy":"product_tag","embeddable":true,"href":"https:\/\/chocolatier-praetsch.de\/en\/wp-json\/wp\/v2\/product_tag?post=2449"}],"curies":[{"name":"wp","href":"https:\/\/api.w.org\/{rel}","templated":true}]}}