{"id":3608,"date":"2023-04-03T20:57:56","date_gmt":"2023-04-03T18:57:56","guid":{"rendered":"https:\/\/chocolatier-praetsch.de\/?post_type=product&#038;p=3608"},"modified":"2026-01-22T17:15:05","modified_gmt":"2026-01-22T16:15:05","slug":"osterhase-in-zartbitter","status":"publish","type":"product","link":"https:\/\/chocolatier-praetsch.de\/en\/product\/osterhase-in-zartbitter\/","title":{"rendered":"Osterhase in Zartbitter"},"content":{"rendered":"<p>Unser Osterhase in Zartbitter ist das perfekte Geschenk f\u00fcr jeden Schokoladenliebhaber zu Ostern.\u00a0Der kleine Hase hat eine Gr\u00f6\u00dfe von 4,5 cm und besteht aus feinster Zartbitterschokolade. Er wurde mit viel Liebe zum Detail gestaltet.\u00a0Der Osterhase ist in durchsichtiger Folie verpackt und eignet sich somit auch als Dekoration f\u00fcr Osternester oder den Ostertisch. Lassen Sie sich von dem k\u00f6stlichen Geschmack und der hochwertigen Qualit\u00e4t unserer Zartbitterschokolade verzaubern und genie\u00dfen Sie das s\u00fc\u00dfe Osterfest mit unseren leckeren Schokoladenprodukten!<\/p>","protected":false},"excerpt":{"rendered":"<p>Unser Osterhase aus Zartbitterschokolade\u00a0ist das perfekte Ostergeschenk f\u00fcr alle Schokoladenliebhaber. Der niedliche Hase ist handgefertigt und hat eine glatte, zartschmelzende Textur. Verpackt in einer eleganten Folie ist er ein s\u00fc\u00dfer Blickfang auf jedem Ostertisch.<\/p>","protected":false},"featured_media":4999,"comment_status":"closed","ping_status":"closed","template":"","meta":{"_crdt_document":"","om_disable_all_campaigns":false,"_monsterinsights_skip_tracking":false,"_monsterinsights_sitenote_active":false,"_monsterinsights_sitenote_note":"","_monsterinsights_sitenote_category":0,"_uf_show_specific_survey":0,"_uf_disable_surveys":false,"jetpack_post_was_ever_published":false,"jetpack_publicize_message":"","jetpack_publicize_feature_enabled":true,"jetpack_social_post_already_shared":true,"jetpack_social_options":{"image_generator_settings":{"template":"highway","default_image_id":0,"font":"","enabled":false},"version":2},"_wpas_customize_per_network":false},"product_brand":[],"product_cat":[],"product_tag":[1754,1755,1436,1471,1437,1443,1658,1558,1442,1431,1500,1749,1753,1686,1748,1445,1469,1447,1750,1579,1501,1470,1440,1441,1439,1503,1751,1444,1633,1752],"class_list":{"0":"post-3608","1":"product","2":"type-product","3":"status-publish","4":"has-post-thumbnail","6":"product_tag-auszeit","7":"product_tag-belohnung","8":"product_tag-chocolaterie","9":"product_tag-chocolaterie-leipzig","10":"product_tag-chocolaterie-wermsdorf","11":"product_tag-edle-schokolade","12":"product_tag-genuss","13":"product_tag-geschenk","14":"product_tag-handgemachte-pralinen","15":"product_tag-handgemachte-schokolade","16":"product_tag-kakao","17":"product_tag-karamellisiert","18":"product_tag-knackig","19":"product_tag-knusprig","20":"product_tag-krokant","21":"product_tag-lactosefreie-schokolade","22":"product_tag-leipziger-schokolade","23":"product_tag-nachhaltige-schokolade","24":"product_tag-perfekte-kombination","25":"product_tag-qualitaet","26":"product_tag-suess","27":"product_tag-schokolade-aus-leipzig","28":"product_tag-schokolade-online-shop","29":"product_tag-schokolade-ostern","30":"product_tag-schokoladen-manufaktur","31":"product_tag-schokoladentafel","32":"product_tag-unvergesslich","33":"product_tag-vegane-schokolade","34":"product_tag-vollmilchschokolade","35":"product_tag-zart","37":"first","38":"outofstock","39":"taxable","40":"shipping-taxable","41":"purchasable","42":"product-type-simple"},"bundled_by":[],"bundle_stock_status":"outofstock","bundle_stock_quantity":null,"bundle_virtual":false,"bundle_layout":"","bundle_add_to_cart_form_location":"","bundle_editable_in_cart":false,"bundle_sold_individually_context":"","bundle_item_grouping":"","bundle_min_size":"","bundle_max_size":"","bundle_price":[],"bundled_items":[],"bundle_sell_ids":[],"group_of_quantity":0,"min_quantity":0,"max_quantity":"","exclude_order_quantity_value_rules":"no","exclude_category_quantity_rules":"no","combine_variations":"no","exclude_global_add_ons":[],"addons":[],"aioseo_notices":[],"jetpack_publicize_connections":[],"jetpack_sharing_enabled":true,"_links":{"self":[{"href":"https:\/\/chocolatier-praetsch.de\/en\/wp-json\/wp\/v2\/product\/3608","targetHints":{"allow":["GET"]}}],"collection":[{"href":"https:\/\/chocolatier-praetsch.de\/en\/wp-json\/wp\/v2\/product"}],"about":[{"href":"https:\/\/chocolatier-praetsch.de\/en\/wp-json\/wp\/v2\/types\/product"}],"replies":[{"embeddable":true,"href":"https:\/\/chocolatier-praetsch.de\/en\/wp-json\/wp\/v2\/comments?post=3608"}],"wp:featuredmedia":[{"embeddable":true,"href":"https:\/\/chocolatier-praetsch.de\/en\/wp-json\/wp\/v2\/media\/4999"}],"wp:attachment":[{"href":"https:\/\/chocolatier-praetsch.de\/en\/wp-json\/wp\/v2\/media?parent=3608"}],"wp:term":[{"taxonomy":"product_brand","embeddable":true,"href":"https:\/\/chocolatier-praetsch.de\/en\/wp-json\/wp\/v2\/product_brand?post=3608"},{"taxonomy":"product_cat","embeddable":true,"href":"https:\/\/chocolatier-praetsch.de\/en\/wp-json\/wp\/v2\/product_cat?post=3608"},{"taxonomy":"product_tag","embeddable":true,"href":"https:\/\/chocolatier-praetsch.de\/en\/wp-json\/wp\/v2\/product_tag?post=3608"}],"curies":[{"name":"wp","href":"https:\/\/api.w.org\/{rel}","templated":true}]}}