{"id":5079,"date":"2024-03-29T16:45:25","date_gmt":"2024-03-29T15:45:25","guid":{"rendered":"https:\/\/chocolatier-praetsch.de\/?post_type=product&#038;p=5079"},"modified":"2024-11-17T11:32:36","modified_gmt":"2024-11-17T10:32:36","slug":"macadamia-in-vollmilch","status":"publish","type":"product","link":"https:\/\/chocolatier-praetsch.de\/en\/product\/macadamia-in-vollmilch\/","title":{"rendered":"Macadamia in Vollmilch"},"content":{"rendered":"<p>Die Macadamia-Nuss ist eine der edelsten N\u00fcsse \u00fcberhaupt.<\/p>\n<p>Macadamia-N\u00fcsse schmecken knackig, frisch und leicht s\u00fc\u00dflich.<\/p>\n<p>Unsere Macadamia-N\u00fcsse haben wir mit einer Prise Salz verfeinert.<\/p>\n<p>In Komposition mit der s\u00fc\u00dfen Vollmilch-Schokolade entsteht ein harmonisches Geschmackserlebnis.<\/p>","protected":false},"excerpt":{"rendered":"<p>Knackige, gesalzene Macadamia-N\u00fcsse umh\u00fcllt von Vollmilch-Schokolade.<\/p>","protected":false},"featured_media":5172,"comment_status":"closed","ping_status":"closed","template":"","meta":{"_crdt_document":"","om_disable_all_campaigns":false,"_monsterinsights_skip_tracking":false,"_monsterinsights_sitenote_active":false,"_monsterinsights_sitenote_note":"","_monsterinsights_sitenote_category":0,"_uf_show_specific_survey":0,"_uf_disable_surveys":false,"jetpack_post_was_ever_published":false,"jetpack_publicize_message":"","jetpack_publicize_feature_enabled":true,"jetpack_social_post_already_shared":true,"jetpack_social_options":{"image_generator_settings":{"template":"highway","default_image_id":0,"font":"","enabled":false},"version":2},"_wpas_customize_per_network":false},"product_brand":[],"product_cat":[1852],"product_tag":[1436,1437,1468,1443,1607,1580,1442,1431,1445,1447,1631,1635,1501,1440,1441,1439,1444,1633,1634,1632],"class_list":{"0":"post-5079","1":"product","2":"type-product","3":"status-publish","4":"has-post-thumbnail","6":"product_cat-dragees","7":"product_tag-chocolaterie","8":"product_tag-chocolaterie-wermsdorf","9":"product_tag-dresdner-schokolade","10":"product_tag-edle-schokolade","11":"product_tag-fruchtig","12":"product_tag-handgemacht","13":"product_tag-handgemachte-pralinen","14":"product_tag-handgemachte-schokolade","15":"product_tag-lactosefreie-schokolade","16":"product_tag-nachhaltige-schokolade","17":"product_tag-pflaumen","18":"product_tag-regionale-spezialitaet","19":"product_tag-suess","20":"product_tag-schokolade-online-shop","21":"product_tag-schokolade-ostern","22":"product_tag-schokoladen-manufaktur","23":"product_tag-vegane-schokolade","24":"product_tag-vollmilchschokolade","25":"product_tag-weihnachtlich","26":"product_tag-zimt","28":"first","29":"outofstock","30":"taxable","31":"shipping-taxable","32":"purchasable","33":"product-type-simple"},"bundled_by":[],"bundle_stock_status":"outofstock","bundle_stock_quantity":null,"bundle_virtual":false,"bundle_layout":"","bundle_add_to_cart_form_location":"","bundle_editable_in_cart":false,"bundle_sold_individually_context":"","bundle_item_grouping":"","bundle_min_size":"","bundle_max_size":"","bundle_price":[],"bundled_items":[],"bundle_sell_ids":[],"group_of_quantity":0,"min_quantity":0,"max_quantity":"","exclude_order_quantity_value_rules":"no","exclude_category_quantity_rules":"no","combine_variations":"no","exclude_global_add_ons":[],"addons":[],"aioseo_notices":[],"jetpack_publicize_connections":[],"jetpack_sharing_enabled":true,"_links":{"self":[{"href":"https:\/\/chocolatier-praetsch.de\/en\/wp-json\/wp\/v2\/product\/5079","targetHints":{"allow":["GET"]}}],"collection":[{"href":"https:\/\/chocolatier-praetsch.de\/en\/wp-json\/wp\/v2\/product"}],"about":[{"href":"https:\/\/chocolatier-praetsch.de\/en\/wp-json\/wp\/v2\/types\/product"}],"replies":[{"embeddable":true,"href":"https:\/\/chocolatier-praetsch.de\/en\/wp-json\/wp\/v2\/comments?post=5079"}],"wp:featuredmedia":[{"embeddable":true,"href":"https:\/\/chocolatier-praetsch.de\/en\/wp-json\/wp\/v2\/media\/5172"}],"wp:attachment":[{"href":"https:\/\/chocolatier-praetsch.de\/en\/wp-json\/wp\/v2\/media?parent=5079"}],"wp:term":[{"taxonomy":"product_brand","embeddable":true,"href":"https:\/\/chocolatier-praetsch.de\/en\/wp-json\/wp\/v2\/product_brand?post=5079"},{"taxonomy":"product_cat","embeddable":true,"href":"https:\/\/chocolatier-praetsch.de\/en\/wp-json\/wp\/v2\/product_cat?post=5079"},{"taxonomy":"product_tag","embeddable":true,"href":"https:\/\/chocolatier-praetsch.de\/en\/wp-json\/wp\/v2\/product_tag?post=5079"}],"curies":[{"name":"wp","href":"https:\/\/api.w.org\/{rel}","templated":true}]}}