{"id":5084,"date":"2024-03-29T16:51:12","date_gmt":"2024-03-29T15:51:12","guid":{"rendered":"https:\/\/chocolatier-praetsch.de\/?post_type=product&#038;p=5084"},"modified":"2025-02-06T13:29:28","modified_gmt":"2025-02-06T12:29:28","slug":"holunderblueten-tee","status":"publish","type":"product","link":"https:\/\/chocolatier-praetsch.de\/en\/product\/holunderblueten-tee\/","title":{"rendered":"Elderflower Tea"},"content":{"rendered":"<p>The love for nature is deeply ingrained in our company philosophy.<\/p>\n<p>In unseren G\u00e4rten wachsen unz\u00e4hlige Kr\u00e4uter, Blumen, Str\u00e4uche und B\u00e4ume.<\/p>\n<p>Wir lieben die Idee gemeinschaftlichen Lebens im Biotop.<\/p>\n<p>In the summer, we pick a variety of plants and make tea from them.<\/p>\n<p>One of these teas is the elderflower tea offered here.<\/p>\n<p>&nbsp;<\/p>","protected":false},"excerpt":{"rendered":"<p>Elderflower Tea, handpicked from our garden<\/p>","protected":false},"featured_media":5182,"comment_status":"closed","ping_status":"closed","template":"","meta":{"_crdt_document":"","om_disable_all_campaigns":false,"_monsterinsights_skip_tracking":false,"_monsterinsights_sitenote_active":false,"_monsterinsights_sitenote_note":"","_monsterinsights_sitenote_category":0,"_uf_show_specific_survey":0,"_uf_disable_surveys":false,"jetpack_post_was_ever_published":false,"jetpack_publicize_message":"","jetpack_publicize_feature_enabled":true,"jetpack_social_post_already_shared":true,"jetpack_social_options":{"image_generator_settings":{"template":"highway","default_image_id":0,"font":"","enabled":false},"version":2},"_wpas_customize_per_network":false},"product_brand":[],"product_cat":[1851],"product_tag":[1436,1437,1468,1443,1607,1580,1442,1431,1445,1447,1631,1635,1501,1440,1441,1439,1444,1633,1634,1632],"class_list":{"0":"post-5084","1":"product","2":"type-product","3":"status-publish","4":"has-post-thumbnail","6":"product_cat-tee-aus-unseren-gaerten","7":"product_tag-chocolaterie","8":"product_tag-chocolaterie-wermsdorf","9":"product_tag-dresdner-schokolade","10":"product_tag-edle-schokolade","11":"product_tag-fruchtig","12":"product_tag-handgemacht","13":"product_tag-handgemachte-pralinen","14":"product_tag-handgemachte-schokolade","15":"product_tag-lactosefreie-schokolade","16":"product_tag-nachhaltige-schokolade","17":"product_tag-pflaumen","18":"product_tag-regionale-spezialitaet","19":"product_tag-suess","20":"product_tag-schokolade-online-shop","21":"product_tag-schokolade-ostern","22":"product_tag-schokoladen-manufaktur","23":"product_tag-vegane-schokolade","24":"product_tag-vollmilchschokolade","25":"product_tag-weihnachtlich","26":"product_tag-zimt","28":"first","29":"outofstock","30":"featured","31":"taxable","32":"shipping-taxable","33":"purchasable","34":"product-type-simple"},"bundled_by":[],"bundle_stock_status":"outofstock","bundle_stock_quantity":null,"bundle_virtual":false,"bundle_layout":"","bundle_add_to_cart_form_location":"","bundle_editable_in_cart":false,"bundle_sold_individually_context":"","bundle_item_grouping":"","bundle_min_size":"","bundle_max_size":"","bundle_price":[],"bundled_items":[],"bundle_sell_ids":[],"group_of_quantity":0,"min_quantity":0,"max_quantity":"","exclude_order_quantity_value_rules":"no","exclude_category_quantity_rules":"no","combine_variations":"no","exclude_global_add_ons":[],"addons":[],"aioseo_notices":[],"jetpack_publicize_connections":[],"jetpack_sharing_enabled":true,"_links":{"self":[{"href":"https:\/\/chocolatier-praetsch.de\/en\/wp-json\/wp\/v2\/product\/5084","targetHints":{"allow":["GET"]}}],"collection":[{"href":"https:\/\/chocolatier-praetsch.de\/en\/wp-json\/wp\/v2\/product"}],"about":[{"href":"https:\/\/chocolatier-praetsch.de\/en\/wp-json\/wp\/v2\/types\/product"}],"replies":[{"embeddable":true,"href":"https:\/\/chocolatier-praetsch.de\/en\/wp-json\/wp\/v2\/comments?post=5084"}],"wp:featuredmedia":[{"embeddable":true,"href":"https:\/\/chocolatier-praetsch.de\/en\/wp-json\/wp\/v2\/media\/5182"}],"wp:attachment":[{"href":"https:\/\/chocolatier-praetsch.de\/en\/wp-json\/wp\/v2\/media?parent=5084"}],"wp:term":[{"taxonomy":"product_brand","embeddable":true,"href":"https:\/\/chocolatier-praetsch.de\/en\/wp-json\/wp\/v2\/product_brand?post=5084"},{"taxonomy":"product_cat","embeddable":true,"href":"https:\/\/chocolatier-praetsch.de\/en\/wp-json\/wp\/v2\/product_cat?post=5084"},{"taxonomy":"product_tag","embeddable":true,"href":"https:\/\/chocolatier-praetsch.de\/en\/wp-json\/wp\/v2\/product_tag?post=5084"}],"curies":[{"name":"wp","href":"https:\/\/api.w.org\/{rel}","templated":true}]}}