{"id":5384,"date":"2024-04-19T19:58:40","date_gmt":"2024-04-19T17:58:40","guid":{"rendered":"https:\/\/chocolatier-praetsch.de\/?post_type=product&#038;p=5384"},"modified":"2025-02-07T14:39:38","modified_gmt":"2025-02-07T13:39:38","slug":"leipziger-schokolade-salzkaramell","status":"publish","type":"product","link":"https:\/\/chocolatier-praetsch.de\/en\/product\/leipziger-schokolade-salzkaramell\/","title":{"rendered":"Leipziger Schokolade: Salzkaramell"},"content":{"rendered":"<p><strong>Leipziger Schokolade mit Kunstdruck: Salzkaramell<br \/>\n<\/strong><\/p>\n<p>Genie\u00dfe den s\u00fc\u00dfen Rausch unserer zartschmelzenden Salzkaramell-Schokolade mit Fluer de Sel.<\/p>\n<p>&nbsp;<\/p>\n<p>&nbsp;<\/p>\n<p>&nbsp;<\/p>","protected":false},"excerpt":{"rendered":"<p>In <strong>liebevoller Handarbeit<\/strong> produziert.<\/p>\n<p>Jede Tafel ist ein <strong>Unikat<\/strong>.<\/p>\n<p>&nbsp;<\/p>","protected":false},"featured_media":5385,"comment_status":"closed","ping_status":"closed","template":"","meta":{"_crdt_document":"","om_disable_all_campaigns":false,"_monsterinsights_skip_tracking":false,"_monsterinsights_sitenote_active":false,"_monsterinsights_sitenote_note":"","_monsterinsights_sitenote_category":0,"_uf_show_specific_survey":0,"_uf_disable_surveys":false,"jetpack_post_was_ever_published":true,"jetpack_publicize_message":"","jetpack_publicize_feature_enabled":true,"jetpack_social_post_already_shared":true,"jetpack_social_options":{"image_generator_settings":{"template":"highway","default_image_id":0,"font":"","enabled":false},"version":2},"_wpas_customize_per_network":false},"product_brand":[],"product_cat":[1844,1854],"product_tag":[1436,1471,1437,1443,1658,1431,1469,1470,1440,1439],"class_list":{"0":"post-5384","1":"product","2":"type-product","3":"status-publish","4":"has-post-thumbnail","6":"product_cat-leipziger-und-dresdner-edition","7":"product_cat-tafeln","8":"product_tag-chocolaterie","9":"product_tag-chocolaterie-leipzig","10":"product_tag-chocolaterie-wermsdorf","11":"product_tag-edle-schokolade","12":"product_tag-genuss","13":"product_tag-handgemachte-schokolade","14":"product_tag-leipziger-schokolade","15":"product_tag-schokolade-aus-leipzig","16":"product_tag-schokolade-online-shop","17":"product_tag-schokoladen-manufaktur","19":"first","20":"instock","21":"taxable","22":"shipping-taxable","23":"purchasable","24":"product-type-simple"},"bundled_by":[],"bundle_stock_status":"instock","bundle_stock_quantity":null,"bundle_virtual":false,"bundle_layout":"","bundle_add_to_cart_form_location":"","bundle_editable_in_cart":false,"bundle_sold_individually_context":"","bundle_item_grouping":"","bundle_min_size":"","bundle_max_size":"","bundle_price":[],"bundled_items":[],"bundle_sell_ids":[],"group_of_quantity":0,"min_quantity":1,"max_quantity":"","exclude_order_quantity_value_rules":"no","exclude_category_quantity_rules":"no","combine_variations":"no","exclude_global_add_ons":[],"addons":[],"aioseo_notices":[],"jetpack_publicize_connections":[],"jetpack_sharing_enabled":true,"_links":{"self":[{"href":"https:\/\/chocolatier-praetsch.de\/en\/wp-json\/wp\/v2\/product\/5384","targetHints":{"allow":["GET"]}}],"collection":[{"href":"https:\/\/chocolatier-praetsch.de\/en\/wp-json\/wp\/v2\/product"}],"about":[{"href":"https:\/\/chocolatier-praetsch.de\/en\/wp-json\/wp\/v2\/types\/product"}],"replies":[{"embeddable":true,"href":"https:\/\/chocolatier-praetsch.de\/en\/wp-json\/wp\/v2\/comments?post=5384"}],"wp:featuredmedia":[{"embeddable":true,"href":"https:\/\/chocolatier-praetsch.de\/en\/wp-json\/wp\/v2\/media\/5385"}],"wp:attachment":[{"href":"https:\/\/chocolatier-praetsch.de\/en\/wp-json\/wp\/v2\/media?parent=5384"}],"wp:term":[{"taxonomy":"product_brand","embeddable":true,"href":"https:\/\/chocolatier-praetsch.de\/en\/wp-json\/wp\/v2\/product_brand?post=5384"},{"taxonomy":"product_cat","embeddable":true,"href":"https:\/\/chocolatier-praetsch.de\/en\/wp-json\/wp\/v2\/product_cat?post=5384"},{"taxonomy":"product_tag","embeddable":true,"href":"https:\/\/chocolatier-praetsch.de\/en\/wp-json\/wp\/v2\/product_tag?post=5384"}],"curies":[{"name":"wp","href":"https:\/\/api.w.org\/{rel}","templated":true}]}}