{"id":6191,"date":"2024-11-11T03:33:09","date_gmt":"2024-11-11T02:33:09","guid":{"rendered":"https:\/\/chocolatier-praetsch.de\/?post_type=product&#038;p=6191"},"modified":"2026-01-15T08:59:09","modified_gmt":"2026-01-15T07:59:09","slug":"weihnacht-weisse-schokolade","status":"publish","type":"product","link":"https:\/\/chocolatier-praetsch.de\/en\/product\/weihnacht-weisse-schokolade\/","title":{"rendered":"Weihnacht wei\u00dfe Schokolade"},"content":{"rendered":"<p><strong>N\u00fcsse, Gew\u00fcrze und zartschmelzende wei\u00dfe Schokolade:<\/strong><\/p>\n<p>F\u00fcr uns in der Chocolaterie ist die Weihnachtszeit jedes Jahr aufs Neue etwas ganz Besonderes \u2013 eine Zeit voller Magie und Vorfreude.<\/p>\n<p>In der Luft liegt ein herrlich warmer Duft von Weihnachtsgew\u00fcrzen wie Zimt und Orange, der die Sinne verzaubert und ein festliches Gef\u00fchl verbreitet.<\/p>\n<p>Unsere Weihnachtstafel ist nicht nur optisch ein Hingucker, sondern auch ein wahrer Genussmoment in der Weihnachtszeit. Die zartschmelzende Schokolade wird mit feinen Gew\u00fcrzen veredelt und bringt die festliche Stimmung direkt auf den Gaumen.<\/p>\n<p>Als Dekor unterstreichen kandierte Mandelstifte, knackige Kakaonibs, gl\u00e4nzende Knusperperlen und Haselnuss-Krokant die innere Sch\u00f6nheit und sorgen f\u00fcr das gewisse weihnachtliche Etwas.<\/p>\n<p>&nbsp;<\/p>\n<p>&nbsp;<\/p>","protected":false},"excerpt":{"rendered":"<p>In <strong>liebevoller Handarbeit<\/strong> produziert.<\/p>\n<p>&nbsp;<\/p>","protected":false},"featured_media":6192,"comment_status":"closed","ping_status":"closed","template":"","meta":{"_crdt_document":"","om_disable_all_campaigns":false,"_monsterinsights_skip_tracking":false,"_monsterinsights_sitenote_active":false,"_monsterinsights_sitenote_note":"","_monsterinsights_sitenote_category":0,"_uf_show_specific_survey":0,"_uf_disable_surveys":false,"jetpack_post_was_ever_published":true,"jetpack_publicize_message":"","jetpack_publicize_feature_enabled":true,"jetpack_social_post_already_shared":true,"jetpack_social_options":{"image_generator_settings":{"template":"highway","default_image_id":0,"font":"","enabled":false},"version":2},"_wpas_customize_per_network":false},"product_brand":[],"product_cat":[1844,1854,1882],"product_tag":[],"class_list":{"0":"post-6191","1":"product","2":"type-product","3":"status-publish","4":"has-post-thumbnail","6":"product_cat-leipziger-und-dresdner-edition","7":"product_cat-tafeln","8":"product_cat-weihnachten","10":"first","11":"outofstock","12":"taxable","13":"shipping-taxable","14":"purchasable","15":"product-type-simple"},"bundled_by":[],"bundle_stock_status":"outofstock","bundle_stock_quantity":null,"bundle_virtual":false,"bundle_layout":"","bundle_add_to_cart_form_location":"","bundle_editable_in_cart":false,"bundle_sold_individually_context":"","bundle_item_grouping":"","bundle_min_size":"","bundle_max_size":"","bundle_price":[],"bundled_items":[],"bundle_sell_ids":[],"group_of_quantity":0,"min_quantity":1,"max_quantity":2000,"exclude_order_quantity_value_rules":"no","exclude_category_quantity_rules":"no","combine_variations":"no","exclude_global_add_ons":[],"addons":[],"aioseo_notices":[],"jetpack_publicize_connections":[],"jetpack_sharing_enabled":true,"_links":{"self":[{"href":"https:\/\/chocolatier-praetsch.de\/en\/wp-json\/wp\/v2\/product\/6191","targetHints":{"allow":["GET"]}}],"collection":[{"href":"https:\/\/chocolatier-praetsch.de\/en\/wp-json\/wp\/v2\/product"}],"about":[{"href":"https:\/\/chocolatier-praetsch.de\/en\/wp-json\/wp\/v2\/types\/product"}],"replies":[{"embeddable":true,"href":"https:\/\/chocolatier-praetsch.de\/en\/wp-json\/wp\/v2\/comments?post=6191"}],"wp:featuredmedia":[{"embeddable":true,"href":"https:\/\/chocolatier-praetsch.de\/en\/wp-json\/wp\/v2\/media\/6192"}],"wp:attachment":[{"href":"https:\/\/chocolatier-praetsch.de\/en\/wp-json\/wp\/v2\/media?parent=6191"}],"wp:term":[{"taxonomy":"product_brand","embeddable":true,"href":"https:\/\/chocolatier-praetsch.de\/en\/wp-json\/wp\/v2\/product_brand?post=6191"},{"taxonomy":"product_cat","embeddable":true,"href":"https:\/\/chocolatier-praetsch.de\/en\/wp-json\/wp\/v2\/product_cat?post=6191"},{"taxonomy":"product_tag","embeddable":true,"href":"https:\/\/chocolatier-praetsch.de\/en\/wp-json\/wp\/v2\/product_tag?post=6191"}],"curies":[{"name":"wp","href":"https:\/\/api.w.org\/{rel}","templated":true}]}}