{"id":6380,"date":"2025-01-29T17:52:01","date_gmt":"2025-01-29T16:52:01","guid":{"rendered":"https:\/\/chocolatier-praetsch.de\/?post_type=product&#038;p=6380"},"modified":"2025-01-29T17:54:41","modified_gmt":"2025-01-29T16:54:41","slug":"blanc-cacao-trace-callets","status":"publish","type":"product","link":"https:\/\/chocolatier-praetsch.de\/en\/product\/blanc-cacao-trace-callets\/","title":{"rendered":"BLANC CACAO-TRACE CALLETS"},"content":{"rendered":"<p>Diese cremige wei\u00dfe Schokolade mit 30 % Kakaoanteil vereint den feinen Geschmack von Vanille mit einer zarten Note gekochter Milch.<\/p>\n<p>Dank ihrer hohen Qualit\u00e4t und Vielseitigkeit eignet sie sich ideal f\u00fcr eine breite Palette von Konditorei- und Schokoladenkreationen und sorgt stets f\u00fcr exzellente Geschmacksergebnisse.<\/p>\n<p><strong>Produktmerkmale:<\/strong><br \/>\n\u2705 Harmonischer Geschmack wei\u00dfer Schokolade<br \/>\n\u2705 Hergestellt mit 100 % Kakaobutter und nat\u00fcrlicher Vanille<br \/>\n\u2705 Cacao-Trace zertifiziert f\u00fcr nachhaltigen Kakaoanbau<br \/>\n\u2705 Exzellente Verarbeitungseigenschaften<br \/>\n\u2705 Vielseitig einsetzbar in verschiedenen Anwendungen<br \/>\n\u2705 Erh\u00e4ltlich in mehreren Viskosit\u00e4tsstufen<br \/>\n\u2705 Feinste belgische Schokolade<\/p>\n<p><strong>Kontaktieren Sie uns f\u00fcr Preisinformationen und Bestellungen \u2013 schreiben Sie uns eine Nachricht oder rufen Sie uns an, um alles Weitere zu vereinbaren!<br \/>\n<\/strong><a href=\"mailto:info@praetsch.de\">info@praetsch.de<\/a><br \/>\n<a href=\"http:\/\/034364889820\">034364889820<\/a><\/p>","protected":false},"excerpt":{"rendered":"<p>BELCOLADE SELECTION \u2013 BLANC CACAO-TRACE<br \/>\n<strong>Kontaktieren Sie uns f\u00fcr Preisinformationen und Bestellungen \u2013 schreiben Sie uns eine Nachricht oder rufen Sie uns an, um alles Weitere zu vereinbaren!<br \/>\n<\/strong><a href=\"mailto:info@praetsch.de\">info@praetsch.de<\/a><br \/>\n<a href=\"http:\/\/034364889820\">034364889820<\/a><\/p>","protected":false},"featured_media":6375,"comment_status":"open","ping_status":"closed","template":"","meta":{"_crdt_document":"","om_disable_all_campaigns":false,"_monsterinsights_skip_tracking":false,"_monsterinsights_sitenote_active":false,"_monsterinsights_sitenote_note":"","_monsterinsights_sitenote_category":0,"_uf_show_specific_survey":0,"_uf_disable_surveys":false,"jetpack_post_was_ever_published":false,"jetpack_publicize_message":"","jetpack_publicize_feature_enabled":true,"jetpack_social_post_already_shared":true,"jetpack_social_options":{"image_generator_settings":{"template":"highway","default_image_id":0,"font":"","enabled":false},"version":2},"_wpas_customize_per_network":false},"product_brand":[],"product_cat":[],"product_tag":[],"class_list":{"0":"post-6380","1":"product","2":"type-product","3":"status-publish","4":"has-post-thumbnail","7":"first","8":"instock","9":"taxable","10":"shipping-taxable","11":"product-type-simple"},"bundled_by":[],"bundle_stock_status":"instock","bundle_stock_quantity":null,"bundle_virtual":false,"bundle_layout":"","bundle_add_to_cart_form_location":"","bundle_editable_in_cart":false,"bundle_sold_individually_context":"","bundle_item_grouping":"","bundle_min_size":"","bundle_max_size":"","bundle_price":[],"bundled_items":[],"bundle_sell_ids":[],"group_of_quantity":0,"min_quantity":0,"max_quantity":"","exclude_order_quantity_value_rules":"no","exclude_category_quantity_rules":"no","combine_variations":"no","exclude_global_add_ons":[],"addons":[],"aioseo_notices":[],"jetpack_publicize_connections":[],"jetpack_sharing_enabled":true,"_links":{"self":[{"href":"https:\/\/chocolatier-praetsch.de\/en\/wp-json\/wp\/v2\/product\/6380","targetHints":{"allow":["GET"]}}],"collection":[{"href":"https:\/\/chocolatier-praetsch.de\/en\/wp-json\/wp\/v2\/product"}],"about":[{"href":"https:\/\/chocolatier-praetsch.de\/en\/wp-json\/wp\/v2\/types\/product"}],"replies":[{"embeddable":true,"href":"https:\/\/chocolatier-praetsch.de\/en\/wp-json\/wp\/v2\/comments?post=6380"}],"wp:featuredmedia":[{"embeddable":true,"href":"https:\/\/chocolatier-praetsch.de\/en\/wp-json\/wp\/v2\/media\/6375"}],"wp:attachment":[{"href":"https:\/\/chocolatier-praetsch.de\/en\/wp-json\/wp\/v2\/media?parent=6380"}],"wp:term":[{"taxonomy":"product_brand","embeddable":true,"href":"https:\/\/chocolatier-praetsch.de\/en\/wp-json\/wp\/v2\/product_brand?post=6380"},{"taxonomy":"product_cat","embeddable":true,"href":"https:\/\/chocolatier-praetsch.de\/en\/wp-json\/wp\/v2\/product_cat?post=6380"},{"taxonomy":"product_tag","embeddable":true,"href":"https:\/\/chocolatier-praetsch.de\/en\/wp-json\/wp\/v2\/product_tag?post=6380"}],"curies":[{"name":"wp","href":"https:\/\/api.w.org\/{rel}","templated":true}]}}